{"id":957,"date":"2017-10-17T14:02:05","date_gmt":"2017-10-17T12:02:05","guid":{"rendered":"http:\/\/ceaircorsica.com\/?page_id=957"},"modified":"2025-11-17T18:41:17","modified_gmt":"2025-11-17T17:41:17","slug":"dates-de-distribution-des-primes","status":"publish","type":"page","link":"https:\/\/ceaircorsica.com\/?page_id=957","title":{"rendered":"Dates de distribution des primes"},"content":{"rendered":"\n<div class=\"wp-block-group\"><div class=\"wp-block-group__inner-container is-layout-constrained wp-block-group-is-layout-constrained\">\n<p><span style=\"color: #000000;\">Le CSE distribuera des ch\u00e8ques Cadhoc No\u00ebl d\u00e8s la semaine 47<\/span><\/p>\n<p><span style=\"color: #008080;\"><strong>Les r\u00e8gles d&#8217;octroi sont modifi\u00e9es en 2025 : <\/strong><\/span><span style=\"color: #008080;\"><strong>tous les salari\u00e9s ayant un contrat de travail en cours sont \u00e9ligibles \u00e0 la prime de No\u00ebl<\/strong><\/span><\/p>\n<p>&nbsp;<\/p>\n<\/div><\/div>\n\n\n\n<p><\/p>\n","protected":false},"excerpt":{"rendered":"<p>Le CSE distribuera des ch\u00e8ques Cadhoc No\u00ebl d\u00e8s la semaine 47 Les r\u00e8gles d&#8217;octroi sont modifi\u00e9es en 2025 : tous les salari\u00e9s ayant un contrat de travail en cours sont \u00e9ligibles \u00e0 la prime de No\u00ebl &nbsp;<\/p>\n","protected":false},"author":1,"featured_media":961,"parent":936,"menu_order":3,"comment_status":"closed","ping_status":"closed","template":"","meta":{"footnotes":""},"class_list":["post-957","page","type-page","status-publish","has-post-thumbnail","hentry"],"_links":{"self":[{"href":"https:\/\/ceaircorsica.com\/index.php?rest_route=\/wp\/v2\/pages\/957","targetHints":{"allow":["GET"]}}],"collection":[{"href":"https:\/\/ceaircorsica.com\/index.php?rest_route=\/wp\/v2\/pages"}],"about":[{"href":"https:\/\/ceaircorsica.com\/index.php?rest_route=\/wp\/v2\/types\/page"}],"author":[{"embeddable":true,"href":"https:\/\/ceaircorsica.com\/index.php?rest_route=\/wp\/v2\/users\/1"}],"replies":[{"embeddable":true,"href":"https:\/\/ceaircorsica.com\/index.php?rest_route=%2Fwp%2Fv2%2Fcomments&post=957"}],"version-history":[{"count":40,"href":"https:\/\/ceaircorsica.com\/index.php?rest_route=\/wp\/v2\/pages\/957\/revisions"}],"predecessor-version":[{"id":4274,"href":"https:\/\/ceaircorsica.com\/index.php?rest_route=\/wp\/v2\/pages\/957\/revisions\/4274"}],"up":[{"embeddable":true,"href":"https:\/\/ceaircorsica.com\/index.php?rest_route=\/wp\/v2\/pages\/936"}],"wp:featuredmedia":[{"embeddable":true,"href":"https:\/\/ceaircorsica.com\/index.php?rest_route=\/wp\/v2\/media\/961"}],"wp:attachment":[{"href":"https:\/\/ceaircorsica.com\/index.php?rest_route=%2Fwp%2Fv2%2Fmedia&parent=957"}],"curies":[{"name":"wp","href":"https:\/\/api.w.org\/{rel}","templated":true}]}}