{"id":936,"date":"2017-10-17T12:58:40","date_gmt":"2017-10-17T10:58:40","guid":{"rendered":"http:\/\/ceaircorsica.com\/?page_id=936"},"modified":"2025-10-09T15:10:26","modified_gmt":"2025-10-09T13:10:26","slug":"noel","status":"publish","type":"page","link":"https:\/\/ceaircorsica.com\/?page_id=936","title":{"rendered":"No\u00ebl 2025"},"content":{"rendered":"<p><img loading=\"lazy\" decoding=\"async\" width=\"255\" height=\"300\" class=\"size-medium wp-image-945 aligncenter\" alt=\"\" src=\"https:\/\/ceaircorsica.com\/wp-content\/uploads\/2017\/10\/choisir-sapin-noel-255x300.jpg\" srcset=\"https:\/\/ceaircorsica.com\/wp-content\/uploads\/2017\/10\/choisir-sapin-noel-255x300.jpg 255w, https:\/\/ceaircorsica.com\/wp-content\/uploads\/2017\/10\/choisir-sapin-noel.jpg 721w\" sizes=\"auto, (max-width: 255px) 100vw, 255px\" \/><\/p>\n<p>&nbsp;<\/p>\n<p><span style=\"color: rgb(255, 0, 0);\">Vous pouvez retrouver dans cette rubrique toutes les informations concernant les f\u00eates de No\u00ebl, les dates des arbres de No\u00ebl de l&#8217;entreprise, les dates de distribution des primes&nbsp;cette ann\u00e9e, les commandes de chocolat et autres&nbsp;prestations en lien avec cet \u00e9v\u00e9nement.<\/span><\/p>\n","protected":false},"excerpt":{"rendered":"<p>&nbsp; Vous pouvez retrouver dans cette rubrique toutes les informations concernant les f\u00eates de No\u00ebl, les dates des arbres de No\u00ebl de l&#8217;entreprise, les dates de distribution des primes&nbsp;cette ann\u00e9e, les commandes de chocolat et autres&nbsp;prestations en lien avec cet \u00e9v\u00e9nement.<\/p>\n","protected":false},"author":1,"featured_media":0,"parent":0,"menu_order":0,"comment_status":"closed","ping_status":"closed","template":"","meta":{"footnotes":""},"class_list":["post-936","page","type-page","status-publish","hentry"],"_links":{"self":[{"href":"https:\/\/ceaircorsica.com\/index.php?rest_route=\/wp\/v2\/pages\/936","targetHints":{"allow":["GET"]}}],"collection":[{"href":"https:\/\/ceaircorsica.com\/index.php?rest_route=\/wp\/v2\/pages"}],"about":[{"href":"https:\/\/ceaircorsica.com\/index.php?rest_route=\/wp\/v2\/types\/page"}],"author":[{"embeddable":true,"href":"https:\/\/ceaircorsica.com\/index.php?rest_route=\/wp\/v2\/users\/1"}],"replies":[{"embeddable":true,"href":"https:\/\/ceaircorsica.com\/index.php?rest_route=%2Fwp%2Fv2%2Fcomments&post=936"}],"version-history":[{"count":18,"href":"https:\/\/ceaircorsica.com\/index.php?rest_route=\/wp\/v2\/pages\/936\/revisions"}],"predecessor-version":[{"id":4204,"href":"https:\/\/ceaircorsica.com\/index.php?rest_route=\/wp\/v2\/pages\/936\/revisions\/4204"}],"wp:attachment":[{"href":"https:\/\/ceaircorsica.com\/index.php?rest_route=%2Fwp%2Fv2%2Fmedia&parent=936"}],"curies":[{"name":"wp","href":"https:\/\/api.w.org\/{rel}","templated":true}]}}