{"id":86,"date":"2017-04-04T15:54:40","date_gmt":"2017-04-04T13:54:40","guid":{"rendered":"http:\/\/ceaircorsica.com\/?page_id=86"},"modified":"2019-12-02T14:09:59","modified_gmt":"2019-12-02T13:09:59","slug":"contact","status":"publish","type":"page","link":"https:\/\/ceaircorsica.com\/?page_id=86","title":{"rendered":"Le CSE"},"content":{"rendered":"<p>Retrouvez ci-apr\u00e8s les informations r\u00e8glementaires, les contacts utiles ainsi que le volet social avec la possibilit\u00e9 de souscrire un pr\u00eat \u00e0 taux z\u00e9ro sous certaines conditions<\/p>\n<p>&nbsp;<\/p>\n<p>&nbsp;<\/p>\n","protected":false},"excerpt":{"rendered":"<p>Retrouvez ci-apr\u00e8s les informations r\u00e8glementaires, les contacts utiles ainsi que le volet social avec la possibilit\u00e9 de souscrire un pr\u00eat \u00e0 taux z\u00e9ro sous certaines conditions &nbsp; &nbsp;<\/p>\n","protected":false},"author":1,"featured_media":572,"parent":0,"menu_order":0,"comment_status":"closed","ping_status":"closed","template":"","meta":{"footnotes":""},"class_list":["post-86","page","type-page","status-publish","has-post-thumbnail","hentry"],"_links":{"self":[{"href":"https:\/\/ceaircorsica.com\/index.php?rest_route=\/wp\/v2\/pages\/86","targetHints":{"allow":["GET"]}}],"collection":[{"href":"https:\/\/ceaircorsica.com\/index.php?rest_route=\/wp\/v2\/pages"}],"about":[{"href":"https:\/\/ceaircorsica.com\/index.php?rest_route=\/wp\/v2\/types\/page"}],"author":[{"embeddable":true,"href":"https:\/\/ceaircorsica.com\/index.php?rest_route=\/wp\/v2\/users\/1"}],"replies":[{"embeddable":true,"href":"https:\/\/ceaircorsica.com\/index.php?rest_route=%2Fwp%2Fv2%2Fcomments&post=86"}],"version-history":[{"count":7,"href":"https:\/\/ceaircorsica.com\/index.php?rest_route=\/wp\/v2\/pages\/86\/revisions"}],"predecessor-version":[{"id":2330,"href":"https:\/\/ceaircorsica.com\/index.php?rest_route=\/wp\/v2\/pages\/86\/revisions\/2330"}],"wp:featuredmedia":[{"embeddable":true,"href":"https:\/\/ceaircorsica.com\/index.php?rest_route=\/wp\/v2\/media\/572"}],"wp:attachment":[{"href":"https:\/\/ceaircorsica.com\/index.php?rest_route=%2Fwp%2Fv2%2Fmedia&parent=86"}],"curies":[{"name":"wp","href":"https:\/\/api.w.org\/{rel}","templated":true}]}}