{"id":84,"date":"2017-04-04T15:54:40","date_gmt":"2017-04-04T13:54:40","guid":{"rendered":"http:\/\/ceaircorsica.com\/?page_id=84"},"modified":"2024-06-28T20:58:22","modified_gmt":"2024-06-28T18:58:22","slug":"accueil","status":"publish","type":"page","link":"https:\/\/ceaircorsica.com\/","title":{"rendered":"Bienvenue sur le site du Comit\u00e9 Social Economique  Air Corsica"},"content":{"rendered":"<p><span style=\"color: #0000ff;\"><i>Les<\/i><em>\u00a0<\/em><em>nouveaux entrants qui int\u00e8grent la compagnie Air Corsica, <strong>m\u00eame pour une dur\u00e9e d\u00e9termin\u00e9e<\/strong>, sont invit\u00e9s \u00e0 se rapprocher du CSE (local 2\u00e8me \u00e9tage du si\u00e8ge) afin de cr\u00e9er leur fiche, et de s&#8217;informer sur les avantages CSE dont ils pourront b\u00e9n\u00e9ficier d\u00e8s 6 mois de pr\u00e9sence continue. Merci<\/em><\/span><\/p>\n\n<div class=\"wp-block-image\">\n<figure class=\"aligncenter size-full\"><img loading=\"lazy\" decoding=\"async\" width=\"333\" height=\"499\" src=\"https:\/\/ceaircorsica.com\/wp-content\/uploads\/2022\/10\/petites-attentions.jpg\" alt=\"\" class=\"wp-image-3227\" srcset=\"https:\/\/ceaircorsica.com\/wp-content\/uploads\/2022\/10\/petites-attentions.jpg 333w, https:\/\/ceaircorsica.com\/wp-content\/uploads\/2022\/10\/petites-attentions-200x300.jpg 200w\" sizes=\"auto, (max-width: 333px) 100vw, 333px\" \/><\/figure>\n<\/div>\n\n\n<p><\/p>\n","protected":false},"excerpt":{"rendered":"<p>Les\u00a0nouveaux entrants qui int\u00e8grent la compagnie Air Corsica, m\u00eame pour une dur\u00e9e d\u00e9termin\u00e9e, sont invit\u00e9s \u00e0 se rapprocher du CSE (local 2\u00e8me \u00e9tage du si\u00e8ge) afin de cr\u00e9er leur fiche, et de s&#8217;informer sur les avantages CSE dont ils pourront b\u00e9n\u00e9ficier d\u00e8s 6 mois de pr\u00e9sence continue. Merci<\/p>\n","protected":false},"author":1,"featured_media":0,"parent":0,"menu_order":0,"comment_status":"closed","ping_status":"closed","template":"","meta":{"footnotes":""},"class_list":["post-84","page","type-page","status-publish","hentry"],"_links":{"self":[{"href":"https:\/\/ceaircorsica.com\/index.php?rest_route=\/wp\/v2\/pages\/84","targetHints":{"allow":["GET"]}}],"collection":[{"href":"https:\/\/ceaircorsica.com\/index.php?rest_route=\/wp\/v2\/pages"}],"about":[{"href":"https:\/\/ceaircorsica.com\/index.php?rest_route=\/wp\/v2\/types\/page"}],"author":[{"embeddable":true,"href":"https:\/\/ceaircorsica.com\/index.php?rest_route=\/wp\/v2\/users\/1"}],"replies":[{"embeddable":true,"href":"https:\/\/ceaircorsica.com\/index.php?rest_route=%2Fwp%2Fv2%2Fcomments&post=84"}],"version-history":[{"count":57,"href":"https:\/\/ceaircorsica.com\/index.php?rest_route=\/wp\/v2\/pages\/84\/revisions"}],"predecessor-version":[{"id":3881,"href":"https:\/\/ceaircorsica.com\/index.php?rest_route=\/wp\/v2\/pages\/84\/revisions\/3881"}],"wp:attachment":[{"href":"https:\/\/ceaircorsica.com\/index.php?rest_route=%2Fwp%2Fv2%2Fmedia&parent=84"}],"curies":[{"name":"wp","href":"https:\/\/api.w.org\/{rel}","templated":true}]}}