{"id":596,"date":"2017-04-12T09:41:15","date_gmt":"2017-04-12T07:41:15","guid":{"rendered":"http:\/\/ceaircorsica.com\/?page_id=596"},"modified":"2024-06-28T20:46:47","modified_gmt":"2024-06-28T18:46:47","slug":"divers","status":"publish","type":"page","link":"https:\/\/ceaircorsica.com\/?page_id=596","title":{"rendered":"A commander via le CSE"},"content":{"rendered":"<p>R\u00e8glement uniquement par ch\u00e8ques (ou \u00e9ventuellement \u00a0en esp\u00e8ces pour les op\u00e9rations ponctuelles merci de pr\u00e9voir l&#8217;appoint)<\/p>\n<hr \/>\n<p><span style=\"color: #0000ff;\"><strong>Muscat p\u00e9tillant<\/strong><\/span><\/p>\n<p>&#8220;<em>Nuit bleue<\/em>&#8221; R\u00e9serve du Pr\u00e9sident en carton de 6 bouteilles : <strong>42.00 \u20ac<\/strong><\/p>\n<p>A commander via le CSE et \u00e0 r\u00e9gler par ch\u00e8que \u00e0 l&#8217;ordre d'&#8221;UVIB&#8221;. Livraison le mercredi matin.<\/p>\n<p>Notre bureau \u00e9tant d\u00e9sormais au 2eme \u00e9tage nous vous remercions d&#8217;\u00eatre pr\u00e9sent le jour de la livraison afin que le livreur puisse vous contacter directement et que la livraison puisse se faire sur le parking<\/p>\n<hr \/>\n<p>&#8220;<em>Perles de muscat<\/em>&#8221; Domaine Orsini en carton de 6 bouteilles : <strong>51.90 \u20ac<\/strong><\/p>\n<p>A commander via le CSE et \u00e0 r\u00e9gler par ch\u00e8que \u00e0 l&#8217;ordre de &#8220;Sarl Orsini n\u00e9goce&#8221;. Livraison le vendredi matin<\/p>\n<p>Notre bureau \u00e9tant d\u00e9sormais au 2eme \u00e9tage nous vous remercions d&#8217;\u00eatre pr\u00e9sent le jour de la livraison afin que le livreur puisse vous contacter directement et que la livraison puisse se faire sur le parking.<\/p>\n<hr \/>\n","protected":false},"excerpt":{"rendered":"<p>R\u00e8glement uniquement par ch\u00e8ques (ou \u00e9ventuellement \u00a0en esp\u00e8ces pour les op\u00e9rations ponctuelles merci de pr\u00e9voir l&#8217;appoint) Muscat p\u00e9tillant &#8220;Nuit bleue&#8221; R\u00e9serve du Pr\u00e9sident en carton de 6 bouteilles : 42.00 \u20ac A commander via le CSE et \u00e0 r\u00e9gler par ch\u00e8que \u00e0 l&#8217;ordre d&#8217;&#8221;UVIB&#8221;. Livraison le mercredi matin. Notre bureau \u00e9tant d\u00e9sormais au 2eme \u00e9tage &hellip; <\/p>\n<p class=\"link-more\"><a href=\"https:\/\/ceaircorsica.com\/?page_id=596\" class=\"more-link\">Continuer la lecture<span class=\"screen-reader-text\"> de &laquo;&nbsp;A commander via le CSE&nbsp;&raquo;<\/span><\/a><\/p>\n","protected":false},"author":1,"featured_media":0,"parent":470,"menu_order":3,"comment_status":"closed","ping_status":"closed","template":"","meta":{"footnotes":""},"class_list":["post-596","page","type-page","status-publish","hentry"],"_links":{"self":[{"href":"https:\/\/ceaircorsica.com\/index.php?rest_route=\/wp\/v2\/pages\/596","targetHints":{"allow":["GET"]}}],"collection":[{"href":"https:\/\/ceaircorsica.com\/index.php?rest_route=\/wp\/v2\/pages"}],"about":[{"href":"https:\/\/ceaircorsica.com\/index.php?rest_route=\/wp\/v2\/types\/page"}],"author":[{"embeddable":true,"href":"https:\/\/ceaircorsica.com\/index.php?rest_route=\/wp\/v2\/users\/1"}],"replies":[{"embeddable":true,"href":"https:\/\/ceaircorsica.com\/index.php?rest_route=%2Fwp%2Fv2%2Fcomments&post=596"}],"version-history":[{"count":27,"href":"https:\/\/ceaircorsica.com\/index.php?rest_route=\/wp\/v2\/pages\/596\/revisions"}],"predecessor-version":[{"id":3871,"href":"https:\/\/ceaircorsica.com\/index.php?rest_route=\/wp\/v2\/pages\/596\/revisions\/3871"}],"up":[{"embeddable":true,"href":"https:\/\/ceaircorsica.com\/index.php?rest_route=\/wp\/v2\/pages\/470"}],"wp:attachment":[{"href":"https:\/\/ceaircorsica.com\/index.php?rest_route=%2Fwp%2Fv2%2Fmedia&parent=596"}],"curies":[{"name":"wp","href":"https:\/\/api.w.org\/{rel}","templated":true}]}}