{"id":496,"date":"2017-04-11T11:45:54","date_gmt":"2017-04-11T09:45:54","guid":{"rendered":"http:\/\/ceaircorsica.com\/?page_id=496"},"modified":"2025-10-23T09:39:53","modified_gmt":"2025-10-23T07:39:53","slug":"billetterie-nationale","status":"publish","type":"page","link":"https:\/\/ceaircorsica.com\/?page_id=496","title":{"rendered":"Billetterie sur le continent"},"content":{"rendered":"<p>B\u00e9n\u00e9ficiaires : salari\u00e9s en CDI et en CDD ayant 6 mois de pr\u00e9sence continue dans l&#8217;entreprise<\/p>\n<hr \/>\n<p><span style=\"color: #0000ff;\"><strong><span style=\"text-decoration: underline;\">Cin\u00e9mas<\/span><\/strong><\/span><\/p>\n<p>Cin\u00e9ma Path\u00e9 Mass\u00e9na \u00e0 <strong>NICE<\/strong> : prix CSE &#8211; <strong>5 \u20ac<\/strong> (au lieu de 11 \u20ac).<\/p>\n<p>Nouvelle proc\u00e9dure : vente via le CSE de E-tickets envoy\u00e9s par mail<\/p>\n<p>Apr\u00e8s avoir command\u00e9 vos tickets au CSE ils vous seront envoy\u00e9s directement dans votre boite mail. R\u00e8glement par ch\u00e8que \u00e0 envoyer en courrier service. <br \/>Vous pourrez les pr\u00e9senter \u00e0 votre cin\u00e9ma habituel.<\/p>\n<p><a href=\"http:\/\/www.cinemasgaumontpathe.com\/cinemas\/cinema-pathe-nice\/\" target=\"_blank\" rel=\"noopener noreferrer\">Site Internet<\/a><\/p>\n<p>Cin\u00e9ma Path\u00e9 <strong>PLAN DE CAMPAGNE\u00a0<\/strong>: prix CSE &#8211; <strong>5 \u20ac<\/strong> (au lieu de 11 \u20ac) &#8211;<\/p>\n<p>Nouvelle proc\u00e9dure\u00a0 :\u00a0 Vente via le CSE de E-tickets envoy\u00e9s par mail<\/p>\n<p>Apr\u00e8s avoir command\u00e9 vos tickets au CSE ils vous seront envoy\u00e9s directement dans votre boite mail. R\u00e8glement par ch\u00e8que \u00e0 envoyer en courrier service. <br \/>Vous pourrez les pr\u00e9senter \u00e0 votre cin\u00e9ma habituel.<\/p>\n<p><a href=\"http:\/\/www.cinemasgaumontpathe.com\/cinemas\/cinema-pathe-plan-de-campagne\/\" target=\"_blank\" rel=\"noopener noreferrer\">Site Internet<\/a><\/p>\n<hr \/>\n<p><span style=\"text-decoration: underline;\"><strong><span style=\"color: #ff0000; text-decoration: underline;\"><span style=\"color: #0000ff; text-decoration: underline;\">Parc Disneyland Paris<\/span> <\/span><\/strong><\/span>\u00e0 <strong>MARNE LA VALL\u00c9E<\/strong>\u00a0<\/p>\n<p>Le CSE vous propose des tickets valables\u00a0 tous les jours de l&#8217;ann\u00e9e 1 jour sur les deux parcs au prix de\u00a0 <strong>65\u20ac<\/strong> tarif unique\u00a0 \/ gratuit pour les moins de 3 ans )<\/p>\n<p>Quota : 1 billet par membre du foyer limit\u00e9 \u00e0 2 journ\u00e9es par an.<\/p>\n<p>Obligation de s&#8217;inscrire sur la plateforme de r\u00e9servation en ligne en amont de la visite.<\/p>\n<p><a href=\"http:\/\/www.disneylandparis.fr\/\" target=\"_blank\" rel=\"noopener noreferrer\">Site Internet<\/a><\/p>\n<hr \/>\n<p><span style=\"text-decoration: underline;\"><span style=\"color: #ff0000; text-decoration: underline;\"><strong><span style=\"color: #0000ff; text-decoration: underline;\">Cit\u00e9 de l&#8217;espace<\/span> <\/strong><\/span><\/span>\u00e0 <strong>TOULOUSE<\/strong><\/p>\n<p>Prix CSE adulte (\u00e0 partir de 16 ans) : <strong>13 \u20ac <\/strong>(au lieu de 18,50 \u20ac)<\/p>\n<p>Prix CSE enfant (de 5 \u00e0 15 ans) : <strong>10 \u20ac<\/strong> (au lieu de 15,50 \u20ac)<\/p>\n<p>Prix CSE couple \/ 2 adultes : <strong>18,50 \u20ac<\/strong><\/p>\n<p>Gratuit pour les moins de 5 ans<\/p>\n<p>Quota : 1 billet par personne de la famille<\/p>\n<p><a href=\"http:\/\/www.cite-espace.com\/\" target=\"_blank\" rel=\"noopener noreferrer\">Site Internet<\/a><\/p>\n<hr \/>\n<p><span style=\"text-decoration: underline;\"><span style=\"color: #ff0000; text-decoration: underline;\"><strong><span style=\"color: #0000ff; text-decoration: underline;\">Zoo de la Barben<\/span> <\/strong><\/span><\/span>situ\u00e9 pr\u00e8s de <strong>SALON DE PROVENCE<\/strong><\/p>\n<p>Prix CSE adulte (\u00e0 partir 12 ans) : <strong>8 \u20ac <\/strong>(au lieu de 16 \u20ac)<\/p>\n<p>Prix CSE enfant (de 3 \u00e0 11 ans) : <strong>5 \u20ac <\/strong>(au lieu de 11 \u20ac)<\/p>\n<p>Gratuit pour les moins de 3 ans<\/p>\n<p><a href=\"http:\/\/www.zoolabarben.com\/\" target=\"_blank\" rel=\"noopener noreferrer\">Site Internet<\/a><\/p>\n<hr \/>\n<p><span style=\"text-decoration: underline; color: #0000ff;\"><strong>Navette Disneyland Magic Shuttle<\/strong><\/span><\/p>\n<p>Le CSE prend en charge <strong>une fois par an <\/strong>le co\u00fbt de la navette qui relie l&#8217;a\u00e9roport d&#8217;Orly au Parc Disneyland Paris<\/p>\n<p><em>B\u00e9n\u00e9ficiaires<\/em> : uniquement le salari\u00e9, son conjoint et ses enfants vivant au foyer.<\/p>\n<p>Pour ceux qui fr\u00e9quentent le parc plus d&#8217;une fois par an, le CSE les fera b\u00e9n\u00e9ficier d&#8217;un prix pr\u00e9f\u00e9rentiel sans subvention<\/p>\n<p><em>Attention : les billets sont dat\u00e9s et nominatifs et cr\u00e9es \u00e0 la demande et en temps r\u00e9el par le CSE<\/em><\/p>\n<p><a href=\"http:\/\/magicalshuttle.fr\/\" target=\"_blank\" rel=\"noopener noreferrer\">Site Internet<\/a><\/p>\n<hr \/>\n<p><span style=\"color: #ff0000;\"><span style=\"text-decoration: underline;\"><strong><span style=\"color: #0000ff; text-decoration: underline;\">R\u00e9serve biologique des Monts d&#8217;Azur <\/span><\/strong><\/span><span style=\"color: #000000;\">situ\u00e9e <\/span><span style=\"color: #000000;\">\u00e0 <strong>ANDON<\/strong> (Alpes maritimes)<\/span><\/span><\/p>\n<p>Le CSE vous permet d&#8217;acheter des tickets \u00e0 tarifs pr\u00e9f\u00e9rentiels\u00a0 \u00e0 la billetterie de la R\u00e9serve sur pr\u00e9sentation de la carte professionnelle Air Corsica.<\/p>\n<p>Visites de la r\u00e9serve \u00e0 pied, en cal\u00e8che, en raquettes et traineau en cas d&#8217;enneigement.<\/p>\n<p>Possibilit\u00e9 de s\u00e9jour d&#8217;une nuit avec 1\/2 pension et visite guid\u00e9e<\/p>\n<p>Toutes les visites s&#8217;effectuant avec un guide, \u00a0il faut donc <strong>imp\u00e9rativement<\/strong> r\u00e9server au 04.93.60.00.78 ou au 09.65.03.46.68.<\/p>\n<p><em>Attention : les visites \u00e0 pied (1 heure 30) avec guide ne peuvent pas \u00eatre effectu\u00e9es par des enfants de moins de 6 ans. Avec des petits enfants, vous devez opter pour le safari en cal\u00e8che (1 heure)\u00a0<\/em><\/p>\n<p><em>B\u00e9n\u00e9ficiaires<\/em> : le salari\u00e9, son conjoint et ses enfants . Le salari\u00e9 doit \u00eatre pr\u00e9sent.\u00a0\u00a0<\/p>\n<hr \/>\n\n\n<div class=\"wp-block-file\"><a id=\"wp-block-file--media-339905f2-bda3-4360-a859-dbec7200ea34\" href=\"https:\/\/ceaircorsica.com\/wp-content\/uploads\/2019\/05\/Tarifs-2019.pdf\">Tarifs  CSE  <\/a><a href=\"https:\/\/ceaircorsica.com\/wp-content\/uploads\/2019\/05\/Tarifs-2019.pdf\" class=\"wp-block-file__button wp-element-button\" download aria-describedby=\"wp-block-file--media-339905f2-bda3-4360-a859-dbec7200ea34\">T\u00e9l\u00e9charger<\/a><\/div>\n\n\n\n<p><\/p>\n","protected":false},"excerpt":{"rendered":"<p>B\u00e9n\u00e9ficiaires : salari\u00e9s en CDI et en CDD ayant 6 mois de pr\u00e9sence continue dans l&#8217;entreprise Cin\u00e9mas Cin\u00e9ma Path\u00e9 Mass\u00e9na \u00e0 NICE : prix CSE &#8211; 5 \u20ac (au lieu de 11 \u20ac). Nouvelle proc\u00e9dure : vente via le CSE de E-tickets envoy\u00e9s par mail Apr\u00e8s avoir command\u00e9 vos tickets au CSE ils vous seront &hellip; <\/p>\n<p class=\"link-more\"><a href=\"https:\/\/ceaircorsica.com\/?page_id=496\" class=\"more-link\">Continuer la lecture<span class=\"screen-reader-text\"> de &laquo;&nbsp;Billetterie sur le continent&nbsp;&raquo;<\/span><\/a><\/p>\n","protected":false},"author":1,"featured_media":626,"parent":470,"menu_order":2,"comment_status":"closed","ping_status":"closed","template":"","meta":{"footnotes":""},"class_list":["post-496","page","type-page","status-publish","has-post-thumbnail","hentry"],"_links":{"self":[{"href":"https:\/\/ceaircorsica.com\/index.php?rest_route=\/wp\/v2\/pages\/496","targetHints":{"allow":["GET"]}}],"collection":[{"href":"https:\/\/ceaircorsica.com\/index.php?rest_route=\/wp\/v2\/pages"}],"about":[{"href":"https:\/\/ceaircorsica.com\/index.php?rest_route=\/wp\/v2\/types\/page"}],"author":[{"embeddable":true,"href":"https:\/\/ceaircorsica.com\/index.php?rest_route=\/wp\/v2\/users\/1"}],"replies":[{"embeddable":true,"href":"https:\/\/ceaircorsica.com\/index.php?rest_route=%2Fwp%2Fv2%2Fcomments&post=496"}],"version-history":[{"count":50,"href":"https:\/\/ceaircorsica.com\/index.php?rest_route=\/wp\/v2\/pages\/496\/revisions"}],"predecessor-version":[{"id":4261,"href":"https:\/\/ceaircorsica.com\/index.php?rest_route=\/wp\/v2\/pages\/496\/revisions\/4261"}],"up":[{"embeddable":true,"href":"https:\/\/ceaircorsica.com\/index.php?rest_route=\/wp\/v2\/pages\/470"}],"wp:featuredmedia":[{"embeddable":true,"href":"https:\/\/ceaircorsica.com\/index.php?rest_route=\/wp\/v2\/media\/626"}],"wp:attachment":[{"href":"https:\/\/ceaircorsica.com\/index.php?rest_route=%2Fwp%2Fv2%2Fmedia&parent=496"}],"curies":[{"name":"wp","href":"https:\/\/api.w.org\/{rel}","templated":true}]}}