{"id":473,"date":"2017-04-10T16:26:40","date_gmt":"2017-04-10T14:26:40","guid":{"rendered":"http:\/\/ceaircorsica.com\/?page_id=473"},"modified":"2024-06-28T20:40:32","modified_gmt":"2024-06-28T18:40:32","slug":"billetterie-locale","status":"publish","type":"page","link":"https:\/\/ceaircorsica.com\/?page_id=473","title":{"rendered":"Billetterie nustrale"},"content":{"rendered":"<p>B\u00e9n\u00e9ficiaires :\u00a0<em>\u00a0<\/em>les salari\u00e9s en CDI et en CDD ayant 6 mois de pr\u00e9sence continue dans l&#8217;entreprise<\/p>\n<hr \/>\n<p><strong>Cin\u00e9mas<\/strong><\/p>\n<p>Cin\u00e9ma &#8220;<strong>l&#8217;Ellipse&#8221; <\/strong>\u00e0 Ajaccio : prix CSE &#8211; <span style=\"color: #0000ff;\"><strong>5 \u20ac<\/strong><\/span> (au lieu de 8,50 \u20ac) &#8211; <a href=\"http:\/\/www.ellipse-cinema.fr\/\" target=\"_blank\" rel=\"noopener noreferrer\">Site Internet<\/a><\/p>\n<p>Cin\u00e9ma &#8220;<strong>Le Studio&#8221;<\/strong> \u00e0 Bastia : prix CSE &#8211; <span style=\"color: #0000ff;\"><strong>5 \u20ac<\/strong><\/span> (au lieu de 7 \u20ac) &#8211; <a href=\"http:\/\/studiocinema.fr\/\" target=\"_blank\" rel=\"noopener noreferrer\">Site Internet<\/a><\/p>\n<p>Les tickets cin\u00e9ma \u00a0de Bastia sont en vente \u00e0 Bastia. Contactez Marie-Christine Raffalli<\/p>\n<hr \/>\n<p><strong>Kartings<\/strong><\/p>\n<p><strong>Karting de la Gravona<\/strong>\u00a0 \u00e0\u00a0Tavaco :<\/p>\n<p>*Prix CSE adulte &#8211; <span style=\"color: #0000ff;\"><strong>12 \u20ac<\/strong><\/span> (au lieu de 20 \u20ac)<\/p>\n<p>*Prix CSE enfant jusqu&#8217;\u00e0 15 ans &#8211; <span style=\"color: #0000ff;\"><strong>9 \u20ac<\/strong> <\/span>(au lieu de 15 \u20ac) &#8211;<\/p>\n<p><a href=\"http:\/\/www.karting-gravona.com\/\" target=\"_blank\" rel=\"noopener noreferrer\">Site Internet<\/a><\/p>\n<p><strong>Karting de Biguglia <\/strong>:<\/p>\n<p>*Prix CSE adulte &#8211; Rupture\u00a0<\/p>\n<p>*Prix CSE enfant &#8211; Rupture<\/p>\n<p><a href=\"http:\/\/www.circuitkarting.fr\/karting-biguglia.php\" target=\"_blank\" rel=\"noopener noreferrer\">Site Internet<\/a><\/p>\n<p><span style=\"color: #ff0000;\"><span style=\"color: #0000ff;\">Quota<\/span>\u00a0<span style=\"color: #000000;\">:<\/span><\/span>\u00a08 tickets par ann\u00e9e IATA\u00a0et par salari\u00e9<\/p>\n<hr \/>\n<p><strong>Cartes piscines<\/strong><\/p>\n<p>Le CSE vous propose des cartes de fid\u00e9lit\u00e9 permettant l&#8217;acc\u00e8s \u00e0 tarif r\u00e9duit aux piscines municipales d&#8217;Ajaccio. Ces cartes sont valables indiff\u00e9remment \u00e0 la piscine Rossini et \u00e0 la piscine des Salines et sont compos\u00e9es de 16 entr\u00e9es<\/p>\n<p>*Prix CSE adulte &#8211; <span style=\"color: #0000ff;\"><strong>25 \u20ac<\/strong> <\/span>(au lieu de 33 \u20ac)<\/p>\n<p>*Prix CSE enfant jusqu&#8217;\u00e0 17 ans &#8211; <span style=\"color: #0000ff;\"><strong>10 \u20ac<\/strong><\/span> (au lieu de 15,50 \u20ac) \/ Gratuit pour les enfants de moins de 4 ans.<\/p>\n<p><span style=\"color: #0000ff;\">Quota<\/span> : 2 cartes adulte et 2 cartes enfant\u00a0 par ann\u00e9e IATA<\/p>\n<p><a href=\"http:\/\/www.ajaccio.fr\/Les-Piscines_a240.html\" target=\"_blank\" rel=\"noopener noreferrer\">Site Internet<\/a><\/p>\n<hr \/>\n<p><strong>Patinoire : saison hivernale<\/strong><\/p>\n<p>Patinoire \u00e0 Bastia sur la Place Saint Nicolas : prix CE &#8211; <span style=\"color: #0000ff;\"><strong>2 \u20ac<\/strong><\/span> (au lieu de 4 \u20ac)<\/p>\n<p>Patinoire \u00e0 Ajaccio sur la place du Diamant : remise de<span style=\"color: #0000ff;\"><strong> 50 %<\/strong> <\/span>par rapport au prix public.<\/p>\n<p><span style=\"color: #0000ff;\">Quota<\/span> <span style=\"color: #000000;\"> : <\/span>4 tickets par \u00a0salari\u00e9<\/p>\n<hr \/>\n<p><strong>Parc A cupulatta<\/strong><\/p>\n<p>(T 20 \u00e0 Vero)<\/p>\n<p>Ouvert depuis le 30 mars et jusqu\u2019au 11 novembre prochain de 9 heures \u00e0 19 heures d\u00e8s le 15 mai et pendant l\u2019\u00e9t\u00e9.<\/p>\n<p>Tarifs\u00a0:<\/p>\n<p>\u219212 ans et plus\u00a0: <span style=\"color: #0000ff;\"><strong>8 \u20ac<\/strong> <\/span>(au lieu de 12 \u20ac)<\/p>\n<p>\u21925 \u00e0 11 ans\u00a0: <span style=\"color: #0000ff;\"><strong>5 \u20ac<\/strong><\/span> (au lieu de 9 \u20ac)<\/p>\n<p>\u2192Gratuit jusqu\u2019\u00e0 4 ans<\/p>\n<p><span style=\"color: #0000ff;\">Quota<\/span> : 4 tickets par salari\u00e9 par ann\u00e9e IATA<\/p>\n<hr \/>\n<p><strong>R\u00eaves de cimes<\/strong> \u00e0 V\u00e9ro<\/p>\n<p>Tarifs Accrobranches :<\/p>\n<p>* 3 \u00e0 5 ans : \u00a0<span style=\"color: #ff0000;\"><span style=\"color: #0000ff;\"><strong>9 \u20ac<\/strong><\/span>\u00a0 <span style=\"color: #000000;\">(au lieu de 14 \u20ac)<\/span>\u00a0\u00a0<\/span><\/p>\n<p>*6 \u00e0 8 ans : <span style=\"color: #0000ff;\"><strong>11 \u20ac<\/strong><\/span> (au lieu de 17 \u20ac)\u00a0<\/p>\n<p>*9 \u00e0 11 ans : <strong><span style=\"color: #0000ff;\">13 \u20ac<\/span><\/strong> ( au lieu de 20 \u20ac)<\/p>\n<p>* 12 \u00e0 15 ans\u00a0: \u00a0<span style=\"color: #0000ff;\"><strong>15 \u20ac<\/strong><\/span>\u00a0 (au lieu de 23 \u20ac)<\/p>\n<p>* 15 ans et plus : \u00a0<span style=\"color: #ff0000;\"><span style=\"color: #0000ff;\"><strong>17 \u20ac <\/strong><\/span><span style=\"color: #000000;\">(au lieu de 26 \u20ac)<\/span><\/span><\/p>\n<p>Tarif Canyoning (\u00e0 partir de 13 ans) : <span style=\"color: #0000ff;\"><strong>37 \u20ac <\/strong><\/span>(au lieu de 55 \u20ac)<\/p>\n<p>Tarif\u00a0 Via Ferrata ( \u00e0 partir de 11 ans\u00a0 ) : <span style=\"color: #0000ff;\"><strong>30 \u20ac <\/strong><\/span>(au lieu de 45 \u20ac)<\/p>\n<p>Tarif Randonn\u00e9e aquatique\u00a0 (\u00e0 partir de 7 ans) : <span style=\"color: #0000ff;\"><strong>30 \u20ac<\/strong><\/span> (au lieu de\u00a045 \u20ac )<\/p>\n<p><span style=\"color: #0000ff;\">Quota<\/span> :\u00a0 8 tickets au choix parmi les activit\u00e9s propos\u00e9es par R\u00eaves de cimes par ann\u00e9e IATA et par salari\u00e9<\/p>\n<p><a href=\"http:\/\/www.revesdecimes.fr\/\" target=\"_blank\" rel=\"noopener noreferrer\">Site Internet<\/a><\/p>\n\n\n<p><\/p>\n","protected":false},"excerpt":{"rendered":"<p>B\u00e9n\u00e9ficiaires :\u00a0\u00a0les salari\u00e9s en CDI et en CDD ayant 6 mois de pr\u00e9sence continue dans l&#8217;entreprise Cin\u00e9mas Cin\u00e9ma &#8220;l&#8217;Ellipse&#8221; \u00e0 Ajaccio : prix CSE &#8211; 5 \u20ac (au lieu de 8,50 \u20ac) &#8211; Site Internet Cin\u00e9ma &#8220;Le Studio&#8221; \u00e0 Bastia : prix CSE &#8211; 5 \u20ac (au lieu de 7 \u20ac) &#8211; Site Internet Les &hellip; <\/p>\n<p class=\"link-more\"><a href=\"https:\/\/ceaircorsica.com\/?page_id=473\" class=\"more-link\">Continuer la lecture<span class=\"screen-reader-text\"> de &laquo;&nbsp;Billetterie nustrale&nbsp;&raquo;<\/span><\/a><\/p>\n","protected":false},"author":1,"featured_media":624,"parent":470,"menu_order":1,"comment_status":"closed","ping_status":"closed","template":"","meta":{"footnotes":""},"class_list":["post-473","page","type-page","status-publish","has-post-thumbnail","hentry"],"_links":{"self":[{"href":"https:\/\/ceaircorsica.com\/index.php?rest_route=\/wp\/v2\/pages\/473","targetHints":{"allow":["GET"]}}],"collection":[{"href":"https:\/\/ceaircorsica.com\/index.php?rest_route=\/wp\/v2\/pages"}],"about":[{"href":"https:\/\/ceaircorsica.com\/index.php?rest_route=\/wp\/v2\/types\/page"}],"author":[{"embeddable":true,"href":"https:\/\/ceaircorsica.com\/index.php?rest_route=\/wp\/v2\/users\/1"}],"replies":[{"embeddable":true,"href":"https:\/\/ceaircorsica.com\/index.php?rest_route=%2Fwp%2Fv2%2Fcomments&post=473"}],"version-history":[{"count":43,"href":"https:\/\/ceaircorsica.com\/index.php?rest_route=\/wp\/v2\/pages\/473\/revisions"}],"predecessor-version":[{"id":3869,"href":"https:\/\/ceaircorsica.com\/index.php?rest_route=\/wp\/v2\/pages\/473\/revisions\/3869"}],"up":[{"embeddable":true,"href":"https:\/\/ceaircorsica.com\/index.php?rest_route=\/wp\/v2\/pages\/470"}],"wp:featuredmedia":[{"embeddable":true,"href":"https:\/\/ceaircorsica.com\/index.php?rest_route=\/wp\/v2\/media\/624"}],"wp:attachment":[{"href":"https:\/\/ceaircorsica.com\/index.php?rest_route=%2Fwp%2Fv2%2Fmedia&parent=473"}],"curies":[{"name":"wp","href":"https:\/\/api.w.org\/{rel}","templated":true}]}}