{"id":446,"date":"2017-04-10T14:51:27","date_gmt":"2017-04-10T12:51:27","guid":{"rendered":"http:\/\/ceaircorsica.com\/?page_id=446"},"modified":"2026-01-22T10:42:11","modified_gmt":"2026-01-22T09:42:11","slug":"social","status":"publish","type":"page","link":"https:\/\/ceaircorsica.com\/?page_id=446","title":{"rendered":"Social"},"content":{"rendered":"<p><span style=\"color: #0000ff;\"><strong>Assistante sociale<\/strong><\/span><\/p>\n<p>L&#8217;assistante sociale\u00a0 pour toutes les bases \u00e0 compter du 01\/04\/2022 est Mme C\u00e9line Feibelman qui assurera des permanences sur les diff\u00e9rents sites <strong>selon le planning \u00e0 retrouver en bas de page<\/strong> .<\/p>\n<p>Pour prise de rendez-vous,\u00a0 vous pouvez contacter Mme Feibelman selon les canaux suivants :<\/p>\n<p>Tel : 06.17.69.39.57<\/p>\n<p>Mail : contact@assic.co<\/p>\n<hr \/>\n<p><span style=\"color: #0000ff;\"><strong>Psychologue<\/strong><\/span><\/p>\n<p>Le psychologue de la compagnie est M. Claude Fabre<\/p>\n<p>Tel :\u00a0 06.14.46.75.83\u00a0<\/p>\n<p>Mail : claude.fabre11@wanadoo.fr<\/p>\n<p>Vous pouvez demander un rendez vous par mail ou par sms<\/p>\n<hr \/>\n<p><span style=\"color: #0000ff;\"><strong>Pr\u00eat \u00e0 taux 0<\/strong><\/span><\/p>\n<p>Le CSE vous offre la possibilit\u00e9 de contracter un pr\u00eat \u00e0 taux z\u00e9ro qui est rembours\u00e9 par pr\u00e9l\u00e8vement sur votre compte pendant 10 mois.\u00a0<\/p>\n<p><em>Montant <\/em>: 500 ou 1000 \u20ac au choix, remboursables sur 10 mois<\/p>\n<p><em>B\u00e9n\u00e9ficiaire <\/em>: salari\u00e9 en CDD ou en CDI ayant 12 mois de pr\u00e9sence continue dans l&#8217;entreprise et encore pr\u00e9sent pour au moins\u00a010 mois.<\/p>\n<p><em>Fonctionnement<\/em> : Le salari\u00e9 doit communiquer un ch\u00e8que de caution de 1000 \u20ac et <strong>le formulaire en bas de page<\/strong> d\u00fbment compl\u00e9t\u00e9 ainsi que l&#8217;attestation de virement permanent \u00e9mise par la banque pr\u00e9voyant un virement vers le CSE sur 10 mois \u00e0 compter du 28 du mois suivant la demande.<\/p>\n<p>Les\u00a0 pr\u00eats sont attribu\u00e9s selon des r\u00e8gles de priorit\u00e9 (pr\u00eat de secours, premi\u00e8res demandes..), le pr\u00eat CSE n&#8217;\u00e9tant pas un pr\u00eat de confort et en fonction de l&#8217;\u00e9ligibilit\u00e9 des dossiers.<\/p>\n<p>Les b\u00e9n\u00e9ficiaires de chaque mois recevront leurs pr\u00eats par virement.<\/p>\n<p><em>Attention : <\/em><em>Certaines situations particuli\u00e8res (absences longue dur\u00e9e ..) rendent l&#8217;octroi du pr\u00eat CSE impossible.<del><\/del><\/em><\/p>\n<hr \/>\n<p><span style=\"color: #0000ff;\"><strong>Pr\u00eat Action logement (ex 1% logement)\u00a0<\/strong><\/span><\/p>\n<p>Vous le connaissez peut \u00eatre sous le nom du &#8220;<em>1 % logement<\/em>&#8220;. Rebaptis\u00e9 &#8220;<em>pr\u00eat action logement<\/em>&#8221; en 2010, ce cr\u00e9dit accord\u00e9 par certains employeurs du secteur priv\u00e9 permet de financer une partie de l&#8217;achat ou les travaux de votre r\u00e9sidence principale.<\/p>\n<p>Air Corsica fait partie des entreprises permettant \u00e0 ses salari\u00e9s de b\u00e9n\u00e9ficier de ce pr\u00eat accession. De plus, en 2019, il n&#8217;est plus r\u00e9serv\u00e9 aux primo acc\u00e9dants.<\/p>\n<p>Votre interlocuteur pour en faire la demande est\u00a0\u00a0<span style=\"color: #0000ff;\">Action logement<span style=\"color: #000000;\">.<\/span><\/span><\/p>\n<p><span style=\"color: #0000ff;\">A savoir<\/span>: le pr\u00eat Action logement n\u2019est li\u00e9 ni \u00e0 l\u2019anciennet\u00e9 professionnelle ni au type de contrat de travail, et sa dur\u00e9e est libre dans la limite de 20 ans.\u00a0Quand les deux conjoints d\u2019un couple d\u00e9posent une demande aupr\u00e8s de leurs employeurs respectifs, le total des deux pr\u00eats qui peuvent \u00eatre accord\u00e9s ne peut d\u00e9passer le montant maximal fix\u00e9 pour un seul pr\u00eat.<\/p>\n<hr \/>\n<p><strong><span style=\"color: #0000ff;\">Plateforme locative Action logement<\/span><\/strong><\/p>\n<p><span style=\"color: #0000ff;\">Outre le pr\u00eat, Action logement propose de nombreux autres dispositifs :<\/span><\/p>\n<ul>\n<li>\u00a0pour louer,<\/li>\n<li>pour faire des travaux d&#8217;am\u00e9lioration int\u00e9rieurs et ext\u00e9rieurs\u00a0,<\/li>\n<li>pour vous aider\u00a0\u00a0en cas de mobilit\u00e9 professionnelle,<\/li>\n<li>pour vous aider \u00e0 surmonter des difficult\u00e9s li\u00e9es au logement.<\/li>\n<\/ul>\n<p>Si vous souhaitez faire une demande de logement social, vous devez vous inscrire sur l&#8217;adresse https:\/\/www.demande-logement-social.gouv.fr : un num\u00e9ro de dossier unique vous sera attribu\u00e9. Vous pourrez ensuite cr\u00e9er votre compte sur la plateforme AL&#8217;IN r\u00e9cemment mise en place.<\/p>\n<p>En bas de page,\u00a0 le guide pour vous accompagner pas \u00e0 pas dans cette op\u00e9ration qui vous permettra d&#8217;avoir acc\u00e8s au parc des logements sociaux et de vous positionner sur le logement qui vous int\u00e9resse<\/p>\n<p>Les\u00a0cordonn\u00e9es postales des agences sont les suivantes :<\/p>\n<p><span style=\"color: #0000ff;\">*Corse du Sud et Haute Corse<\/span>\u00a0<\/p>\n<p>Agence Action logement \u00a0<em>Boulevard Louis Campi &#8211; R\u00e9sidence &#8220;Les jardins de Bodiccione&#8221; Bat E.<\/em> Tel : 04.20.02.30.04.\u00a0<\/p>\n<hr \/>\n<p><span style=\"color: #0000ff;\">*Marseille <\/span><\/p>\n<p>Agence Action logement <em>3 ,quai de la Joliette.<\/em> Tel : 04.91.13.91.00<\/p>\n<hr \/>\n<p><span style=\"color: #0000ff;\">*Nice <\/span><\/p>\n<p>Agence Action logement <em>53, boulevard Ren\u00e9 Cassin. <\/em>Tel : 04.93.18.23.23<\/p>\n<hr \/>\n\n\n<div class=\"wp-block-file\"><a id=\"wp-block-file--media-f4607eea-1598-4fda-bb7b-bfc33ae9d58a\" href=\"https:\/\/ceaircorsica.com\/wp-content\/uploads\/2025\/01\/AIR-CORSICA-planning-previsionnel-2025.docx.pdf\">Planning pr\u00e9visionnel  des interventions de l&#8217;assistante sociale.docx<\/a><a href=\"https:\/\/ceaircorsica.com\/wp-content\/uploads\/2025\/01\/AIR-CORSICA-planning-previsionnel-2025.docx.pdf\" class=\"wp-block-file__button wp-element-button\" download aria-describedby=\"wp-block-file--media-f4607eea-1598-4fda-bb7b-bfc33ae9d58a\">T\u00e9l\u00e9charger<\/a><\/div>\n\n\n\n<div class=\"wp-block-file\"><a id=\"wp-block-file--media-780dc3a8-af9a-42f0-8e88-fda00581d9df\" href=\"https:\/\/ceaircorsica.com\/wp-content\/uploads\/2020\/07\/ALIN-guide-utilisation-salaries-0620.pdf\">Guide d&#8217;utilisation de la plateforme locative Action logement<\/a><a href=\"https:\/\/ceaircorsica.com\/wp-content\/uploads\/2020\/07\/ALIN-guide-utilisation-salaries-0620.pdf\" class=\"wp-block-file__button wp-element-button\" download aria-describedby=\"wp-block-file--media-780dc3a8-af9a-42f0-8e88-fda00581d9df\">T\u00e9l\u00e9charger<\/a><\/div>\n\n\n\n<div class=\"wp-block-file\"><a id=\"wp-block-file--media-7af58c23-a6ac-4af4-ac28-69632195b570\" href=\"https:\/\/ceaircorsica.com\/wp-content\/uploads\/2025\/06\/Formulaire-prets-CSE-2025-a-partir-de-juillet.pdf\">Formulaire pr\u00eats CSE <\/a><a href=\"https:\/\/ceaircorsica.com\/wp-content\/uploads\/2025\/06\/Formulaire-prets-CSE-2025-a-partir-de-juillet.pdf\" class=\"wp-block-file__button wp-element-button\" download aria-describedby=\"wp-block-file--media-7af58c23-a6ac-4af4-ac28-69632195b570\">T\u00e9l\u00e9charger<\/a><\/div>\n\n\n\n<p><\/p>\n","protected":false},"excerpt":{"rendered":"<p>Assistante sociale L&#8217;assistante sociale\u00a0 pour toutes les bases \u00e0 compter du 01\/04\/2022 est Mme C\u00e9line Feibelman qui assurera des permanences sur les diff\u00e9rents sites selon le planning \u00e0 retrouver en bas de page . Pour prise de rendez-vous,\u00a0 vous pouvez contacter Mme Feibelman selon les canaux suivants : Tel : 06.17.69.39.57 Mail : contact@assic.co Psychologue &hellip; <\/p>\n<p class=\"link-more\"><a href=\"https:\/\/ceaircorsica.com\/?page_id=446\" class=\"more-link\">Continuer la lecture<span class=\"screen-reader-text\"> de &laquo;&nbsp;Social&nbsp;&raquo;<\/span><\/a><\/p>\n","protected":false},"author":1,"featured_media":487,"parent":86,"menu_order":3,"comment_status":"closed","ping_status":"closed","template":"","meta":{"footnotes":""},"class_list":["post-446","page","type-page","status-publish","has-post-thumbnail","hentry"],"_links":{"self":[{"href":"https:\/\/ceaircorsica.com\/index.php?rest_route=\/wp\/v2\/pages\/446","targetHints":{"allow":["GET"]}}],"collection":[{"href":"https:\/\/ceaircorsica.com\/index.php?rest_route=\/wp\/v2\/pages"}],"about":[{"href":"https:\/\/ceaircorsica.com\/index.php?rest_route=\/wp\/v2\/types\/page"}],"author":[{"embeddable":true,"href":"https:\/\/ceaircorsica.com\/index.php?rest_route=\/wp\/v2\/users\/1"}],"replies":[{"embeddable":true,"href":"https:\/\/ceaircorsica.com\/index.php?rest_route=%2Fwp%2Fv2%2Fcomments&post=446"}],"version-history":[{"count":52,"href":"https:\/\/ceaircorsica.com\/index.php?rest_route=\/wp\/v2\/pages\/446\/revisions"}],"predecessor-version":[{"id":4315,"href":"https:\/\/ceaircorsica.com\/index.php?rest_route=\/wp\/v2\/pages\/446\/revisions\/4315"}],"up":[{"embeddable":true,"href":"https:\/\/ceaircorsica.com\/index.php?rest_route=\/wp\/v2\/pages\/86"}],"wp:featuredmedia":[{"embeddable":true,"href":"https:\/\/ceaircorsica.com\/index.php?rest_route=\/wp\/v2\/media\/487"}],"wp:attachment":[{"href":"https:\/\/ceaircorsica.com\/index.php?rest_route=%2Fwp%2Fv2%2Fmedia&parent=446"}],"curies":[{"name":"wp","href":"https:\/\/api.w.org\/{rel}","templated":true}]}}