{"id":442,"date":"2017-04-10T14:48:17","date_gmt":"2017-04-10T12:48:17","guid":{"rendered":"http:\/\/ceaircorsica.com\/?page_id=442"},"modified":"2026-01-22T13:49:42","modified_gmt":"2026-01-22T12:49:42","slug":"composition","status":"publish","type":"page","link":"https:\/\/ceaircorsica.com\/?page_id=442","title":{"rendered":"Composition"},"content":{"rendered":"<p>Le Comit\u00e9 Social Economique\u00a0 d&#8217;Air Corsica se compose d&#8217;un pr\u00e9sident (le chef d&#8217;entreprise) et d&#8217;une d\u00e9l\u00e9gation du personnel constitu\u00e9e de 28 membres. Ces membres sont des salari\u00e9s de l&#8217;entreprise \u00e9lus par les salari\u00e9s tous les 4 ans.<\/p>\n<p>Un nouveau mandat a d\u00e9but\u00e9 \u00e0 la suite des \u00e9lections du 16 janvier 2024 avec 14\u00a0 titulaires et 14 suppl\u00e9ants<\/p>\n<p><strong>Titulaires<\/strong><\/p>\n<p>Pierre Vincenti &#8211; Technique Ajaccio Secr\u00e9taire du CSE<\/p>\n<p>Pauline Viola -PNC\u00a0 Ajaccio &#8211; Tr\u00e9sori\u00e8re du CSE<\/p>\n<p>Dominique Nacer -Magasin Ajaccio -Secr\u00e9taire adjoint du CSE<\/p>\n<p>Laurent Carta &#8211; Technique Ajaccio<\/p>\n<p>Fr\u00e9d\u00e9ric Casalonga -Technique Ajaccio<\/p>\n<p>Julien Dezerbi &#8211; PNT Ajaccio<\/p>\n<p>Karine Fattaccioli\u00a0 <em>\u00a0&#8211; <\/em>PNC Ajaccio<\/p>\n<p>Stella Friry &#8211; Agent d&#8217;escale\u00a0 Marseille<\/p>\n<p>Emilie Luciani &#8211; Commercial Ajaccio<\/p>\n<p>Frederic Massimi &#8211; PNC Bastia<\/p>\n<p>Jean Philippe Melchio &#8211; Technique Ajaccio<\/p>\n<p>St\u00e9phanie Nesa -Administratif Ajaccio<\/p>\n<p>Anne Laure Spadoni &#8211; DPN Ajaccio<\/p>\n<p>Paul Antoine Valentini -PNT Ajaccio<\/p>\n<hr \/>\n<p><strong>Suppl\u00e9ants<\/strong><\/p>\n<p>Dominique Alessandri &#8211; Administratif Ajaccio &#8211; Tr\u00e9sori\u00e8re adjointe CSE<\/p>\n<p>Thomas Bernard &#8211; PNC Figari<\/p>\n<p>Florent Bondi -Technique Ajaccio<\/p>\n<p>Jo\u00eblle Colombani\u00a0 &#8211; DPN Ajaccio<\/p>\n<p>Patrick Eidel Giudicelli \u00a0&#8211; Commercial Bastia<\/p>\n<p>Marie-Ang\u00e8le Gabrielli &#8211; Administratif Ajaccio<\/p>\n<p>Stephane Guazzelli &#8211; CCO Ajaccio<\/p>\n<p>Boris Hamon &#8211; PNT Bastia<\/p>\n<p>Jean Philippe Hyvernaud &#8211; Technique Ajaccio<\/p>\n<p>Jeanine Leandri-Leschi &#8211; DPN Ajaccio<\/p>\n<p>Patricia Markarian &#8211; Agent d&#8217;escale Nice<\/p>\n<p>Jean Baptiste Neri -PNT Ajaccio<\/p>\n<p>Christophe Oriola Pomp\u00e9i &#8211; PNC Bastia<\/p>\n<hr \/>\n<p><strong>Repr\u00e9sentants syndicaux<\/strong><\/p>\n<p>Laurent Capus (SNPL) &#8211; PNT Bastia<\/p>\n<p>Fran\u00e7ois Cipriani<em> &#8211; <\/em>(STC) &#8211; Technique Ajaccio<\/p>\n<p>Sandrine Ordioni &#8211; (FO) &#8211; PNC Bastia<\/p>\n<p>Denis Meyer &#8211; (SPAC) &#8211; PNT Ajaccio<\/p>\n<hr \/>\n<p><strong>Secr\u00e9tariat<\/strong><\/p>\n<p>Anne Benedetti &#8211; Assistante du secr\u00e9taire de CSE<\/p>\n<p>Martine Marcelli &#8211; Secr\u00e9taire<\/p>\n<hr \/>\n<p><strong>Correspondants escales<\/strong><\/p>\n<p>V\u00e9ronique Vannucci \u00e0 Bastia<\/p>\n<p>Laurence Girolami \u00e0 Figari<\/p>\n<p>St\u00e9phane Barbey \u00e0 Toulouse<\/p>\n\n\n<p><strong>Suite \u00e0 sa nomination de chef d&#8217;escale \u00e0 l&#8217;escale de jean Dominique Grousseau a quitt\u00e9 ses fonctions  d&#8217;\u00e9lu titulaire au sein du CSE en d\u00e9cembre 2025 et a \u00e9t\u00e9 remplac\u00e9 par son suppl\u00e9ant Jean Philippe Melchio.<\/strong> <\/p>\n\n\n\n<p><\/p>\n","protected":false},"excerpt":{"rendered":"<p>Le Comit\u00e9 Social Economique\u00a0 d&#8217;Air Corsica se compose d&#8217;un pr\u00e9sident (le chef d&#8217;entreprise) et d&#8217;une d\u00e9l\u00e9gation du personnel constitu\u00e9e de 28 membres. Ces membres sont des salari\u00e9s de l&#8217;entreprise \u00e9lus par les salari\u00e9s tous les 4 ans. Un nouveau mandat a d\u00e9but\u00e9 \u00e0 la suite des \u00e9lections du 16 janvier 2024 avec 14\u00a0 titulaires et &hellip; <\/p>\n<p class=\"link-more\"><a href=\"https:\/\/ceaircorsica.com\/?page_id=442\" class=\"more-link\">Continuer la lecture<span class=\"screen-reader-text\"> de &laquo;&nbsp;Composition&nbsp;&raquo;<\/span><\/a><\/p>\n","protected":false},"author":1,"featured_media":459,"parent":86,"menu_order":1,"comment_status":"closed","ping_status":"closed","template":"","meta":{"footnotes":""},"class_list":["post-442","page","type-page","status-publish","has-post-thumbnail","hentry"],"_links":{"self":[{"href":"https:\/\/ceaircorsica.com\/index.php?rest_route=\/wp\/v2\/pages\/442","targetHints":{"allow":["GET"]}}],"collection":[{"href":"https:\/\/ceaircorsica.com\/index.php?rest_route=\/wp\/v2\/pages"}],"about":[{"href":"https:\/\/ceaircorsica.com\/index.php?rest_route=\/wp\/v2\/types\/page"}],"author":[{"embeddable":true,"href":"https:\/\/ceaircorsica.com\/index.php?rest_route=\/wp\/v2\/users\/1"}],"replies":[{"embeddable":true,"href":"https:\/\/ceaircorsica.com\/index.php?rest_route=%2Fwp%2Fv2%2Fcomments&post=442"}],"version-history":[{"count":33,"href":"https:\/\/ceaircorsica.com\/index.php?rest_route=\/wp\/v2\/pages\/442\/revisions"}],"predecessor-version":[{"id":4320,"href":"https:\/\/ceaircorsica.com\/index.php?rest_route=\/wp\/v2\/pages\/442\/revisions\/4320"}],"up":[{"embeddable":true,"href":"https:\/\/ceaircorsica.com\/index.php?rest_route=\/wp\/v2\/pages\/86"}],"wp:featuredmedia":[{"embeddable":true,"href":"https:\/\/ceaircorsica.com\/index.php?rest_route=\/wp\/v2\/media\/459"}],"wp:attachment":[{"href":"https:\/\/ceaircorsica.com\/index.php?rest_route=%2Fwp%2Fv2%2Fmedia&parent=442"}],"curies":[{"name":"wp","href":"https:\/\/api.w.org\/{rel}","templated":true}]}}