{"id":405,"date":"2017-04-10T11:20:06","date_gmt":"2017-04-10T09:20:06","guid":{"rendered":"http:\/\/ceaircorsica.com\/?page_id=405"},"modified":"2022-10-12T17:56:48","modified_gmt":"2022-10-12T15:56:48","slug":"mariage","status":"publish","type":"page","link":"https:\/\/ceaircorsica.com\/?page_id=405","title":{"rendered":"Mariage"},"content":{"rendered":"<p>Le CSE est heureux de vous faire b\u00e9n\u00e9ficier d&#8217;un bon cadeau \u00e0 l&#8217;occasion de votre mariage.<\/p>\n<p><span style=\"color: #0000ff;\"><em>Montant<\/em> <\/span>: 100 \u20ac sous la forme d&#8217;un ch\u00e9quier Cadhoc<\/p>\n<p><span style=\"color: #0000ff;\"><em>B\u00e9n\u00e9ficiaire<\/em><\/span> : salari\u00e9 en CDD et en CDI ayant 12 mois de pr\u00e9sence continue dans l&#8217;entreprise au moment du mariage.<\/p>\n<p><span style=\"color: #0000ff;\"><em>Fonctionnement<\/em> <\/span>: communiquer une photocopie du livret de famille ou de l&#8217;acte de mariage au CSE. La prime de mariage vous sera envoy\u00e9e par courrier postal en RAR<\/p>\n","protected":false},"excerpt":{"rendered":"<p>Le CSE est heureux de vous faire b\u00e9n\u00e9ficier d&#8217;un bon cadeau \u00e0 l&#8217;occasion de votre mariage. Montant : 100 \u20ac sous la forme d&#8217;un ch\u00e9quier Cadhoc B\u00e9n\u00e9ficiaire : salari\u00e9 en CDD et en CDI ayant 12 mois de pr\u00e9sence continue dans l&#8217;entreprise au moment du mariage. Fonctionnement : communiquer une photocopie du livret de famille &hellip; <\/p>\n<p class=\"link-more\"><a href=\"https:\/\/ceaircorsica.com\/?page_id=405\" class=\"more-link\">Continuer la lecture<span class=\"screen-reader-text\"> de &laquo;&nbsp;Mariage&nbsp;&raquo;<\/span><\/a><\/p>\n","protected":false},"author":1,"featured_media":432,"parent":391,"menu_order":1,"comment_status":"closed","ping_status":"closed","template":"","meta":{"footnotes":""},"class_list":["post-405","page","type-page","status-publish","has-post-thumbnail","hentry"],"_links":{"self":[{"href":"https:\/\/ceaircorsica.com\/index.php?rest_route=\/wp\/v2\/pages\/405","targetHints":{"allow":["GET"]}}],"collection":[{"href":"https:\/\/ceaircorsica.com\/index.php?rest_route=\/wp\/v2\/pages"}],"about":[{"href":"https:\/\/ceaircorsica.com\/index.php?rest_route=\/wp\/v2\/types\/page"}],"author":[{"embeddable":true,"href":"https:\/\/ceaircorsica.com\/index.php?rest_route=\/wp\/v2\/users\/1"}],"replies":[{"embeddable":true,"href":"https:\/\/ceaircorsica.com\/index.php?rest_route=%2Fwp%2Fv2%2Fcomments&post=405"}],"version-history":[{"count":5,"href":"https:\/\/ceaircorsica.com\/index.php?rest_route=\/wp\/v2\/pages\/405\/revisions"}],"predecessor-version":[{"id":3240,"href":"https:\/\/ceaircorsica.com\/index.php?rest_route=\/wp\/v2\/pages\/405\/revisions\/3240"}],"up":[{"embeddable":true,"href":"https:\/\/ceaircorsica.com\/index.php?rest_route=\/wp\/v2\/pages\/391"}],"wp:featuredmedia":[{"embeddable":true,"href":"https:\/\/ceaircorsica.com\/index.php?rest_route=\/wp\/v2\/media\/432"}],"wp:attachment":[{"href":"https:\/\/ceaircorsica.com\/index.php?rest_route=%2Fwp%2Fv2%2Fmedia&parent=405"}],"curies":[{"name":"wp","href":"https:\/\/api.w.org\/{rel}","templated":true}]}}