{"id":391,"date":"2017-04-10T09:26:21","date_gmt":"2017-04-10T07:26:21","guid":{"rendered":"http:\/\/ceaircorsica.com\/?page_id=391"},"modified":"2026-02-10T09:22:20","modified_gmt":"2026-02-10T08:22:20","slug":"avantages","status":"publish","type":"page","link":"https:\/\/ceaircorsica.com\/?page_id=391","title":{"rendered":"Primes"},"content":{"rendered":"<p>Le CSE vous accompagne dans tous les \u00e9v\u00e9nements de la vie. Les primes sont d\u00e9livr\u00e9es sous forme de bons Cadhoc papier. Les Cadhoc ont une date de validit\u00e9 d&#8217;au moins 1 an.\u00a0 A la commande, nous demandons la date la plus longue possible d&#8217;utilisation et il vous appartient de les utiliser avant la date limite mentionn\u00e9e sur les bons.<\/p>\n<p>Afin de garantir la s\u00e9curit\u00e9 de la remise des bons Cadhoc, le CSE peut proc\u00e9der \u00e0 leur envoi par courrier recommand\u00e9 avec accus\u00e9 de r\u00e9ception (RAR) \u00e0 la demande des salari\u00e9s absents en longue maladie. Cependant, une fois le courrier d\u00e9pos\u00e9 \u00e0 la Poste, l&#8217;obligation de remise du CSE est remplie et en cas de non distribution par la Poste ou de non r\u00e9cup\u00e9ration du courrier par le salari\u00e9, aucun nouvel envoi ne sera effectu\u00e9.<\/p>\n","protected":false},"excerpt":{"rendered":"<p>Le CSE vous accompagne dans tous les \u00e9v\u00e9nements de la vie. Les primes sont d\u00e9livr\u00e9es sous forme de bons Cadhoc papier. Les Cadhoc ont une date de validit\u00e9 d&#8217;au moins 1 an.\u00a0 A la commande, nous demandons la date la plus longue possible d&#8217;utilisation et il vous appartient de les utiliser avant la date limite &hellip; <\/p>\n<p class=\"link-more\"><a href=\"https:\/\/ceaircorsica.com\/?page_id=391\" class=\"more-link\">Continuer la lecture<span class=\"screen-reader-text\"> de &laquo;&nbsp;Primes&nbsp;&raquo;<\/span><\/a><\/p>\n","protected":false},"author":1,"featured_media":568,"parent":0,"menu_order":0,"comment_status":"closed","ping_status":"closed","template":"","meta":{"footnotes":""},"class_list":["post-391","page","type-page","status-publish","has-post-thumbnail","hentry"],"_links":{"self":[{"href":"https:\/\/ceaircorsica.com\/index.php?rest_route=\/wp\/v2\/pages\/391","targetHints":{"allow":["GET"]}}],"collection":[{"href":"https:\/\/ceaircorsica.com\/index.php?rest_route=\/wp\/v2\/pages"}],"about":[{"href":"https:\/\/ceaircorsica.com\/index.php?rest_route=\/wp\/v2\/types\/page"}],"author":[{"embeddable":true,"href":"https:\/\/ceaircorsica.com\/index.php?rest_route=\/wp\/v2\/users\/1"}],"replies":[{"embeddable":true,"href":"https:\/\/ceaircorsica.com\/index.php?rest_route=%2Fwp%2Fv2%2Fcomments&post=391"}],"version-history":[{"count":7,"href":"https:\/\/ceaircorsica.com\/index.php?rest_route=\/wp\/v2\/pages\/391\/revisions"}],"predecessor-version":[{"id":4336,"href":"https:\/\/ceaircorsica.com\/index.php?rest_route=\/wp\/v2\/pages\/391\/revisions\/4336"}],"wp:featuredmedia":[{"embeddable":true,"href":"https:\/\/ceaircorsica.com\/index.php?rest_route=\/wp\/v2\/media\/568"}],"wp:attachment":[{"href":"https:\/\/ceaircorsica.com\/index.php?rest_route=%2Fwp%2Fv2%2Fmedia&parent=391"}],"curies":[{"name":"wp","href":"https:\/\/api.w.org\/{rel}","templated":true}]}}