{"id":3729,"date":"2024-01-30T15:58:09","date_gmt":"2024-01-30T14:58:09","guid":{"rendered":"https:\/\/ceaircorsica.com\/?page_id=3729"},"modified":"2026-01-27T16:32:03","modified_gmt":"2026-01-27T15:32:03","slug":"participations-en-cours-de-construction","status":"publish","type":"page","link":"https:\/\/ceaircorsica.com\/?page_id=3729","title":{"rendered":"Participations du CSE"},"content":{"rendered":"\n<p>Le CSE propose aux salari\u00e9s de l&#8217;entreprise des participations sur leurs activit\u00e9s de loisirs, dont la plupart sont cumulables entre elles.<\/p>\n\n\n\n<p>Il propose \u00e9galement une aide aux frais de garde des mois de juillet et d&#8217;ao\u00fbt des enfants jusqu&#8217;\u00e0 12 ans.<\/p>\n\n\n\n<p>Il met \u00e0 votre disposition un pr\u00eat de secours de 500 \u20ac ou 1000 \u20ac \u00e0 taux z\u00e9ro \u00e0 rembourser sur 10 mois.<\/p>\n\n\n\n<p><mark style=\"background-color:rgba(0, 0, 0, 0)\" class=\"has-inline-color has-vivid-red-color\"><strong>Conditions d&#8217;attribution<\/strong><\/mark> : pour les salari\u00e9s en CDD ou CDI, avoir un an de pr\u00e9sence continue dans l&#8217;entreprise et pour le pr\u00eat avoir un contrat pour au moins 10 mois au moment de la demande.<\/p>\n\n\n\n<p><strong><mark style=\"background-color:rgba(0, 0, 0, 0)\" class=\"has-inline-color has-vivid-cyan-blue-color\">Participation m\u00e9diath\u00e8que Air France<\/mark><\/strong><\/p>\n\n\n\n<p>Le CSE propose aux salari\u00e9s l&#8217; acc\u00e8s \u00e0 la m\u00e9diath\u00e8que Air France \u00e0 Ajaccio, Bastia, Marseille et Nice.<\/p>\n\n\n\n<p>Le salari\u00e9 qui le souhaite doit t\u00e9l\u00e9charger et renvoyer le formulaire ci- dessous entre le 1er janvier et le 15 juin de l&#8217;ann\u00e9e en cours ainsi qu&#8217;un ch\u00e8que de 10 \u20ac. Le CSE s&#8217;occupera de l&#8217;inscription du salari\u00e9 et versera le compl\u00e9ment de 40 \u20ac au CSE Air France.<\/p>\n\n\n\n<div class=\"wp-block-file\"><a id=\"wp-block-file--media-810a3f4c-fdfe-4cf3-9f65-c64240581e85\" href=\"https:\/\/ceaircorsica.com\/wp-content\/uploads\/2026\/01\/Formulaire-ACP-2026.pdf\">Participation m\u00e9diath\u00e8que<\/a><a href=\"https:\/\/ceaircorsica.com\/wp-content\/uploads\/2026\/01\/Formulaire-ACP-2026.pdf\" class=\"wp-block-file__button wp-element-button\" download aria-describedby=\"wp-block-file--media-810a3f4c-fdfe-4cf3-9f65-c64240581e85\">T\u00e9l\u00e9charger<\/a><\/div>\n\n\n\n<p><strong><mark style=\"background-color:rgba(0, 0, 0, 0)\" class=\"has-inline-color has-vivid-cyan-blue-color\">Prestation s\u00e9jour<\/mark><\/strong><\/p>\n\n\n\n<p>Une fois tous les 3 ans, date \u00e0 date, le CSE vous propose un remboursement forfaitaire de 650 \u20ac sur un voyage avec destination au choix, sous r\u00e9serve que votre d\u00e9part s\u2019effectue pendant une p\u00e9riode de cong\u00e9s pay\u00e9s et \u00e0 la date indiqu\u00e9e sur le formulaire de demande. Le formulaire ci-dessous doit \u00eatre IMPERATIVEMENT communiqu\u00e9 au CSE deux mois avant la date du d\u00e9part.<\/p>\n\n\n\n<p>Les salari\u00e9s devront communiquer au CSE au retour leur(s) facture(s) d&#8217;h\u00e9bergement nominative(s) pr\u00e9cisant le d\u00e9tail et le co\u00fbt des nuit\u00e9es ainsi que leurs coupons de vol AR. <\/p>\n\n\n\n<p><strong>En cas de voyage \u00e0 l&#8217;\u00e9tranger, vous voudrez bien nous pr\u00e9ciser en quelle devise le r\u00e8glement a \u00e9t\u00e9 effectu\u00e9 sur les documents envoy\u00e9s<\/strong>.<\/p>\n\n\n\n<p>Une fois le dossier instruit le CSE  remboursera par virement  sa participation sous la forme d&#8217;un forfait jusqu&#8217;\u00e0 650 \u20ac.<\/p>\n\n\n\n<div class=\"wp-block-file\"><a id=\"wp-block-file--media-8fca4f83-011d-4abe-a7dd-863a83029de0\" href=\"https:\/\/ceaircorsica.com\/wp-content\/uploads\/2026\/01\/Formulaire-sejour.pdf\">Formulaire s\u00e9jour<\/a><a href=\"https:\/\/ceaircorsica.com\/wp-content\/uploads\/2026\/01\/Formulaire-sejour.pdf\" class=\"wp-block-file__button wp-element-button\" download aria-describedby=\"wp-block-file--media-8fca4f83-011d-4abe-a7dd-863a83029de0\">T\u00e9l\u00e9charger<\/a><\/div>\n\n\n\n<p><\/p>\n\n\n\n<p><strong><mark style=\"background-color:rgba(0, 0, 0, 0)\" class=\"has-inline-color has-vivid-cyan-blue-color\">Participation \u00e0 une activit\u00e9s de loisirs <\/mark><\/strong><\/p>\n\n\n\n<p>Le CSE participe \u00e0 hauteur de 152 \u20ac par ann\u00e9e civile sur votre activit\u00e9 de loisirs, sportive ou culturelle.<\/p>\n\n\n\n<p>Pour en b\u00e9n\u00e9ficier, vous devez communiquer au CSE la facture acquitt\u00e9e nominative de l&#8217;ann\u00e9e civile en cours, ainsi que la copie de la licence et le RIB de l&#8217;organisme si vous avez pay\u00e9 le diff\u00e9rentiel ou le v\u00f4tre si vous avez pay\u00e9 la totalit\u00e9 de l&#8217;adh\u00e9sion.<\/p>\n\n\n\n<p><strong>Les demandes pourront \u00eatre effectu\u00e9es entre le 1er janvier et le 15 d\u00e9cembre 2026 cette ann\u00e9e. <\/strong><\/p>\n\n\n\n<div class=\"wp-block-file\"><a id=\"wp-block-file--media-2d316077-33fd-4b25-bb4e-f667d32f6dc2\" href=\"https:\/\/ceaircorsica.com\/wp-content\/uploads\/2026\/01\/Versement-de-la-participation-a-une-activite-de-loisirs-1.pdf\">Participation aux activit\u00e9s de loisirs sportives et culturelles <\/a><\/div>\n\n\n\n<p><\/p>\n\n\n\n<p><strong><mark style=\"background-color:rgba(0, 0, 0, 0)\" class=\"has-inline-color has-vivid-cyan-blue-color\">Participation au permis de chasse ou p\u00eache<\/mark><\/strong><\/p>\n\n\n\n<p>Le CSE participe \u00e0 hauteur de 76 \u20ac  sur un permis de chasse ou de p\u00eache annuel. <\/p>\n\n\n\n<p>Le CSE vous propose un remboursement sur pr\u00e9sentation de la facture acquitt\u00e9e.<\/p>\n\n\n\n<div class=\"wp-block-file\"><a id=\"wp-block-file--media-3f810db9-3047-48df-aea7-2e51f9a547b1\" href=\"https:\/\/ceaircorsica.com\/wp-content\/uploads\/2026\/01\/Permis-de-chasse-peche.pdf\">Participation au permis de chasse ou de p\u00eache au choix<\/a><a href=\"https:\/\/ceaircorsica.com\/wp-content\/uploads\/2026\/01\/Permis-de-chasse-peche.pdf\" class=\"wp-block-file__button wp-element-button\" download aria-describedby=\"wp-block-file--media-3f810db9-3047-48df-aea7-2e51f9a547b1\">T\u00e9l\u00e9charger<\/a><\/div>\n\n\n\n<p><\/p>\n\n\n\n<p><mark style=\"background-color:rgba(0, 0, 0, 0)\" class=\"has-inline-color has-vivid-cyan-blue-color\"><strong>Participation aux frais  de cr\u00e8che et de garderie de l&#8217;\u00e9t\u00e9<\/strong><\/mark><\/p>\n\n\n\n<p>Le CSE rembourse vos frais de cr\u00e8che ou de garderie d&#8217;\u00e9t\u00e9 ( centres a\u00e9r\u00e9s) \u00e0 hauteur de 6,50 \u20ac par jour et par enfant, jusqu&#8217;\u00e0 12 ans r\u00e9volus.<\/p>\n\n\n\n<p>La participation est plafonn\u00e9e \u00e0 22 jours pour les deux mois.  <\/p>\n\n\n\n<p>Vous devez faire remplir le document ci-dessous par la structure et nous le communiquer ainsi que la facture acquitt\u00e9e correspondante, avant le 30 septembre de l&#8217;ann\u00e9e en cours. <\/p>\n\n\n\n<div class=\"wp-block-file\"><a id=\"wp-block-file--media-7ce9fb12-e9ac-4414-85ee-d731ed77dec9\" href=\"https:\/\/ceaircorsica.com\/wp-content\/uploads\/2026\/01\/Formulaire-frais-de-garde-2026.pdf\">Formulaire frais de garde 2026<\/a><a href=\"https:\/\/ceaircorsica.com\/wp-content\/uploads\/2026\/01\/Formulaire-frais-de-garde-2026.pdf\" class=\"wp-block-file__button wp-element-button\" download aria-describedby=\"wp-block-file--media-7ce9fb12-e9ac-4414-85ee-d731ed77dec9\">T\u00e9l\u00e9charger<\/a><\/div>\n\n\n\n<p><\/p>\n\n\n\n<p><strong><mark style=\"background-color:rgba(0, 0, 0, 0)\" class=\"has-inline-color has-vivid-cyan-blue-color\">Pr\u00eats \u00e0 taux z\u00e9ro <\/mark><\/strong><\/p>\n\n\n\n<p>Le CSE propose un pr\u00eat de secours \u00e0 taux z\u00e9ro, remboursable sur 10 mois,<\/p>\n\n\n\n<p>Le formulaire doit \u00eatre rempli et communiqu\u00e9 au CSE avec 10 ch\u00e8ques correspondant au montant emprunt\u00e9. Chaque d\u00e9but de mois, un des ch\u00e8ques sera mis \u00e0 l&#8217;encaissement jusqu&#8217;\u00e0 la fin du remboursement.<\/p>\n\n\n\n<p> Les b\u00e9n\u00e9ficiaires recevront leurs pr\u00eats par virement bancaire.<\/p>\n\n\n\n<p><em>Attention : le CSE se r\u00e9serve le droit de refuser le pr\u00eat dans certaines situations particuli\u00e8res  <\/em><\/p>\n\n\n\n<p><\/p>\n\n\n\n<div class=\"wp-block-file\"><a id=\"wp-block-file--media-f1326e41-e37d-4d3c-868d-ff4eb9dc0ff4\" href=\"https:\/\/ceaircorsica.com\/wp-content\/uploads\/2025\/06\/Formulaire-prets-CSE-2025-a-partir-de-juillet-1.pdf\">Formulaire pr\u00eats CSE <\/a><a href=\"https:\/\/ceaircorsica.com\/wp-content\/uploads\/2025\/06\/Formulaire-prets-CSE-2025-a-partir-de-juillet-1.pdf\" class=\"wp-block-file__button wp-element-button\" download aria-describedby=\"wp-block-file--media-f1326e41-e37d-4d3c-868d-ff4eb9dc0ff4\">T\u00e9l\u00e9charger<\/a><\/div>\n\n\n\n<p><\/p>\n","protected":false},"excerpt":{"rendered":"<p>Le CSE propose aux salari\u00e9s de l&#8217;entreprise des participations sur leurs activit\u00e9s de loisirs, dont la plupart sont cumulables entre elles. Il propose \u00e9galement une aide aux frais de garde des mois de juillet et d&#8217;ao\u00fbt des enfants jusqu&#8217;\u00e0 12 ans. Il met \u00e0 votre disposition un pr\u00eat de secours de 500 \u20ac ou 1000 &hellip; <\/p>\n<p class=\"link-more\"><a href=\"https:\/\/ceaircorsica.com\/?page_id=3729\" class=\"more-link\">Continuer la lecture<span class=\"screen-reader-text\"> de &laquo;&nbsp;Participations du CSE&nbsp;&raquo;<\/span><\/a><\/p>\n","protected":false},"author":1,"featured_media":0,"parent":0,"menu_order":0,"comment_status":"closed","ping_status":"closed","template":"","meta":{"footnotes":""},"class_list":["post-3729","page","type-page","status-publish","hentry"],"_links":{"self":[{"href":"https:\/\/ceaircorsica.com\/index.php?rest_route=\/wp\/v2\/pages\/3729","targetHints":{"allow":["GET"]}}],"collection":[{"href":"https:\/\/ceaircorsica.com\/index.php?rest_route=\/wp\/v2\/pages"}],"about":[{"href":"https:\/\/ceaircorsica.com\/index.php?rest_route=\/wp\/v2\/types\/page"}],"author":[{"embeddable":true,"href":"https:\/\/ceaircorsica.com\/index.php?rest_route=\/wp\/v2\/users\/1"}],"replies":[{"embeddable":true,"href":"https:\/\/ceaircorsica.com\/index.php?rest_route=%2Fwp%2Fv2%2Fcomments&post=3729"}],"version-history":[{"count":50,"href":"https:\/\/ceaircorsica.com\/index.php?rest_route=\/wp\/v2\/pages\/3729\/revisions"}],"predecessor-version":[{"id":4335,"href":"https:\/\/ceaircorsica.com\/index.php?rest_route=\/wp\/v2\/pages\/3729\/revisions\/4335"}],"wp:attachment":[{"href":"https:\/\/ceaircorsica.com\/index.php?rest_route=%2Fwp%2Fv2%2Fmedia&parent=3729"}],"curies":[{"name":"wp","href":"https:\/\/api.w.org\/{rel}","templated":true}]}}