{"id":3206,"date":"2022-10-12T10:03:13","date_gmt":"2022-10-12T08:03:13","guid":{"rendered":"http:\/\/ceaircorsica.com\/?page_id=3206"},"modified":"2026-01-22T10:32:40","modified_gmt":"2026-01-22T09:32:40","slug":"u-sorbellu","status":"publish","type":"page","link":"https:\/\/ceaircorsica.com\/?page_id=3206","title":{"rendered":"U Sorbellu"},"content":{"rendered":"\n<p>Traiteur R\u00f4tisseur<\/p>\n\n\n\n<p>Tarifs avec remise de 10  % sur pr\u00e9sentation de la carte professionnelle en magasin  &#8211; Remise de 10  % en cas de commande avec livraison gratuite au si\u00e8ge<\/p>\n\n\n\n<p>Le menu est actualis\u00e9 sur Facebook traiteur u sorbellu chaque jour et les commandes sont \u00e0 passer jusqu&#8217;\u00e0 11 heures 30 par t\u00e9l\u00e9phone au <strong>04.95.27.47.83<\/strong> pour une livraison vers 11 heures 45 au si\u00e8ge. Ferm\u00e9 le lundi, sauf les lundis de juillet et ao\u00fbt<\/p>\n\n\n\n<p><\/p>\n\n\n\n<p><\/p>\n","protected":false},"excerpt":{"rendered":"<p>Traiteur R\u00f4tisseur Tarifs avec remise de 10 % sur pr\u00e9sentation de la carte professionnelle en magasin &#8211; Remise de 10 % en cas de commande avec livraison gratuite au si\u00e8ge Le menu est actualis\u00e9 sur Facebook traiteur u sorbellu chaque jour et les commandes sont \u00e0 passer jusqu&#8217;\u00e0 11 heures 30 par t\u00e9l\u00e9phone au 04.95.27.47.83 &hellip; <\/p>\n<p class=\"link-more\"><a href=\"https:\/\/ceaircorsica.com\/?page_id=3206\" class=\"more-link\">Continuer la lecture<span class=\"screen-reader-text\"> de &laquo;&nbsp;U Sorbellu&nbsp;&raquo;<\/span><\/a><\/p>\n","protected":false},"author":1,"featured_media":3208,"parent":635,"menu_order":2,"comment_status":"closed","ping_status":"closed","template":"","meta":{"footnotes":""},"class_list":["post-3206","page","type-page","status-publish","has-post-thumbnail","hentry"],"_links":{"self":[{"href":"https:\/\/ceaircorsica.com\/index.php?rest_route=\/wp\/v2\/pages\/3206","targetHints":{"allow":["GET"]}}],"collection":[{"href":"https:\/\/ceaircorsica.com\/index.php?rest_route=\/wp\/v2\/pages"}],"about":[{"href":"https:\/\/ceaircorsica.com\/index.php?rest_route=\/wp\/v2\/types\/page"}],"author":[{"embeddable":true,"href":"https:\/\/ceaircorsica.com\/index.php?rest_route=\/wp\/v2\/users\/1"}],"replies":[{"embeddable":true,"href":"https:\/\/ceaircorsica.com\/index.php?rest_route=%2Fwp%2Fv2%2Fcomments&post=3206"}],"version-history":[{"count":8,"href":"https:\/\/ceaircorsica.com\/index.php?rest_route=\/wp\/v2\/pages\/3206\/revisions"}],"predecessor-version":[{"id":4310,"href":"https:\/\/ceaircorsica.com\/index.php?rest_route=\/wp\/v2\/pages\/3206\/revisions\/4310"}],"up":[{"embeddable":true,"href":"https:\/\/ceaircorsica.com\/index.php?rest_route=\/wp\/v2\/pages\/635"}],"wp:featuredmedia":[{"embeddable":true,"href":"https:\/\/ceaircorsica.com\/index.php?rest_route=\/wp\/v2\/media\/3208"}],"wp:attachment":[{"href":"https:\/\/ceaircorsica.com\/index.php?rest_route=%2Fwp%2Fv2%2Fmedia&parent=3206"}],"curies":[{"name":"wp","href":"https:\/\/api.w.org\/{rel}","templated":true}]}}