{"id":2,"date":"2017-03-22T14:00:47","date_gmt":"2017-03-22T13:00:47","guid":{"rendered":"http:\/\/ceaircorsica.com\/?page_id=2"},"modified":"2017-04-12T11:10:04","modified_gmt":"2017-04-12T09:10:04","slug":"page-d-exemple","status":"publish","type":"page","link":"https:\/\/ceaircorsica.com\/?page_id=2","title":{"rendered":"Enseignes Partenaires par bases"},"content":{"rendered":"<p>Dans cette rubrique, retrouvez toutes nos enseignes partenaires r\u00e9pertori\u00e9es par bases. Vous devez<strong> imp\u00e9rativement<\/strong> presenter votre carte professionnelle aux commer\u00e7ants pour justifier de votre appartenance \u00e0 l&#8217;entreprise<\/p>\n<p>&nbsp;<\/p>\n<p>&nbsp;<\/p>\n<p>&nbsp;<\/p>\n<p>&nbsp;<\/p>\n<p>&nbsp;<\/p>\n<p><a href=\"https:\/\/ceaircorsica.com\/wp-content\/uploads\/2017\/03\/Vetements-chaussures-pressing.pdf\" target=\"_blank\">\u00a0<\/a><\/p>\n<p>&nbsp;<\/p>\n<p><strong><span style=\"font-family: Thread-000011b8-Id-0000067c;\">\u00a0<\/span><\/strong><\/p>\n<p>&nbsp;<\/p>\n<p><strong><span style=\"font-family: Thread-000011b8-Id-0000067c;\">\u00a0<\/span><\/strong><\/p>\n<p>&nbsp;<\/p>\n<p><strong><span style=\"font-family: Thread-000011b8-Id-0000067c;\">\u00a0<\/span><\/strong><\/p>\n","protected":false},"excerpt":{"rendered":"<p>Dans cette rubrique, retrouvez toutes nos enseignes partenaires r\u00e9pertori\u00e9es par bases. Vous devez imp\u00e9rativement presenter votre carte professionnelle aux commer\u00e7ants pour justifier de votre appartenance \u00e0 l&#8217;entreprise &nbsp; &nbsp; &nbsp; &nbsp; &nbsp; \u00a0 &nbsp; \u00a0 &nbsp; \u00a0 &nbsp; \u00a0<\/p>\n","protected":false},"author":1,"featured_media":567,"parent":0,"menu_order":0,"comment_status":"closed","ping_status":"open","template":"","meta":{"footnotes":""},"class_list":["post-2","page","type-page","status-publish","has-post-thumbnail","hentry"],"_links":{"self":[{"href":"https:\/\/ceaircorsica.com\/index.php?rest_route=\/wp\/v2\/pages\/2","targetHints":{"allow":["GET"]}}],"collection":[{"href":"https:\/\/ceaircorsica.com\/index.php?rest_route=\/wp\/v2\/pages"}],"about":[{"href":"https:\/\/ceaircorsica.com\/index.php?rest_route=\/wp\/v2\/types\/page"}],"author":[{"embeddable":true,"href":"https:\/\/ceaircorsica.com\/index.php?rest_route=\/wp\/v2\/users\/1"}],"replies":[{"embeddable":true,"href":"https:\/\/ceaircorsica.com\/index.php?rest_route=%2Fwp%2Fv2%2Fcomments&post=2"}],"version-history":[{"count":13,"href":"https:\/\/ceaircorsica.com\/index.php?rest_route=\/wp\/v2\/pages\/2\/revisions"}],"predecessor-version":[{"id":609,"href":"https:\/\/ceaircorsica.com\/index.php?rest_route=\/wp\/v2\/pages\/2\/revisions\/609"}],"wp:featuredmedia":[{"embeddable":true,"href":"https:\/\/ceaircorsica.com\/index.php?rest_route=\/wp\/v2\/media\/567"}],"wp:attachment":[{"href":"https:\/\/ceaircorsica.com\/index.php?rest_route=%2Fwp%2Fv2%2Fmedia&parent=2"}],"curies":[{"name":"wp","href":"https:\/\/api.w.org\/{rel}","templated":true}]}}